{"id":12125,"date":"2020-01-14T11:43:54","date_gmt":"2020-01-14T10:43:54","guid":{"rendered":"https:\/\/www.buscounviaje.com\/blog\/?page_id=12125"},"modified":"2020-01-16T14:10:18","modified_gmt":"2020-01-16T13:10:18","slug":"las-agencias-top-de-buscounviaje","status":"publish","type":"page","link":"https:\/\/www.buscounviaje.com\/blog\/las-agencias-top-de-buscounviaje\/","title":{"rendered":"#AgenciasTOP2019: las mejores agencias premiadas por BuscoUnViaje.com"},"content":{"rendered":"\n<div class=\"wp-block-image\"><figure class=\"alignright is-resized\"><img loading=\"lazy\" decoding=\"async\" src=\"https:\/\/www.buscounviaje.com\/blog\/wp-content\/uploads\/Budget-generico_AGENCIASTOP2019-300x276.jpg\" alt=\"\" class=\"wp-image-11241\" width=\"349\" height=\"321\" srcset=\"https:\/\/www.buscounviaje.com\/blog\/wp-content\/uploads\/Budget-generico_AGENCIASTOP2019-300x276.jpg 300w, https:\/\/www.buscounviaje.com\/blog\/wp-content\/uploads\/Budget-generico_AGENCIASTOP2019-768x705.jpg 768w, https:\/\/www.buscounviaje.com\/blog\/wp-content\/uploads\/Budget-generico_AGENCIASTOP2019-1024x941.jpg 1024w, https:\/\/www.buscounviaje.com\/blog\/wp-content\/uploads\/Budget-generico_AGENCIASTOP2019-696x639.jpg 696w, https:\/\/www.buscounviaje.com\/blog\/wp-content\/uploads\/Budget-generico_AGENCIASTOP2019-1068x981.jpg 1068w, https:\/\/www.buscounviaje.com\/blog\/wp-content\/uploads\/Budget-generico_AGENCIASTOP2019-457x420.jpg 457w, https:\/\/www.buscounviaje.com\/blog\/wp-content\/uploads\/Budget-generico_AGENCIASTOP2019-1920x1764.jpg 1920w\" sizes=\"auto, (max-width: 349px) 100vw, 349px\" \/><\/figure><\/div>\n\n\n\n<p>El desarrollo de la tecnolog\u00eda en el sector del turismo y el nacimiento constante de nuevas plataformas y nuevas herramientas para organizar, reservar y vivir los viajes por un lado. La evoluci\u00f3n de los h\u00e1bitos de los viajeros y su mayor habilidad de obtener informaci\u00f3n y conocer el mundo por otro lado. El panorama es cada vez m\u00e1s duro y competitivo para las agencias de viajes.<\/p>\n\n\n\n<p>Por eso, desde BuscoUnViaje.com hemos querido poner en marcha los premios #AgenciasTop2019 que reconocen la labor y esfuerzo de nuestras mejores agencias colaboradoras, destacando su excepcional rendimiento en el a\u00f1o 2019 a los ojos de nuestros viajeros y de todo el sector tur\u00edstico.<\/p>\n\n\n\n<hr class=\"wp-block-separator\"\/>\n\n\n\n<div class=\"wp-block-image\"><figure class=\"alignleft is-resized\"><img loading=\"lazy\" decoding=\"async\" src=\"https:\/\/cdn.pixabay.com\/photo\/2019\/01\/01\/14\/55\/calendar-3906791_960_720.jpg\" alt=\"\" width=\"70\" height=\"70\"\/><\/figure><\/div>\n\n\n\n<p style=\"color:#1d5f85\" class=\"has-text-color\"><em>En FITUR 2020, el equipo de BuscoUnViaje.com entregar\u00e1 los premios a las agencias ganadoras en el punto de encuentro de profesionales.<\/em> <em>Pasa a conocernos: Jueves 25 de enero a las 12:00<\/em><\/p>\n\n\n\n<hr class=\"wp-block-separator\"\/>\n\n\n\n<h3 class=\"wp-block-heading\">\u00bfQuienes son las 5 agencias ganadoras de 2019?<\/h3>\n\n\n\n<p>En nuestro empe\u00f1o por encontrar viajes que emocionen, hemos creado en los \u00faltimos a\u00f1os una excelente red de <strong>agencias de viajes expertas<\/strong> con las que ayudar a cada persona a descubrir el mundo tal y como desea. As\u00ed, tras a\u00f1os de dedicaci\u00f3n cumpliendo los sue\u00f1os de nuestros viajeros, creemos que ha llegado el momento de recompensar las mejores agencias del a\u00f1o 2019 en 5 diferentes categor\u00edas.<\/p>\n\n\n\n<ul class=\"wp-block-list\"><li><strong>AGENCIA M\u00c1S R\u00c1PIDA<\/strong>: <a href=\"https:\/\/www.buscounviaje.com\/agencias\/qwerty-travel-argentina\">QWERTY TRAVEL ARGENTINA<\/a><\/li><\/ul>\n\n\n\n<div class=\"wp-block-image\"><figure class=\"alignright is-resized\"><img loading=\"lazy\" decoding=\"async\" src=\"https:\/\/www.buscounviaje.com\/blog\/wp-content\/uploads\/Budget-MAS-RAPIDA-150x150.jpg\" alt=\"\" class=\"wp-image-11243\" width=\"80\" height=\"80\"\/><\/figure><\/div>\n\n\n\n<p>Rapidez en la atenci\u00f3n: Obtiene el premio la agencia que durante el periodo valorado consiga atender de forma m\u00e1s r\u00e1pida las solicitudes de presupuesto. Atender en las 24 horas siguientes a la recepci\u00f3n de la solicitud es siempre clave para una buena conversi\u00f3n en venta y la agencia Qwerty Travel Argentina ha sido capaz de responder con extrema puntualidad a todas sus solicitudes para satisfacer esa exigencia de rapidez a la que los viajeros se han acostumbrado en el mundo digital.<\/p>\n\n\n\n<ul class=\"wp-block-list\"><li><strong>MEJOR AGENCIA EN ASESORAMIENTO<\/strong>: <a href=\"https:\/\/www.buscounviaje.com\/agencias\/magnolia-travel-company\">MAGNOLIA TRAVEL COMPANY<\/a><\/li><\/ul>\n\n\n\n<div class=\"wp-block-image\"><figure class=\"alignright is-resized\"><img loading=\"lazy\" decoding=\"async\" src=\"https:\/\/www.buscounviaje.com\/blog\/wp-content\/uploads\/Budget-ASESORAMIENTO-150x150.jpg\" alt=\"\" class=\"wp-image-11244\" width=\"80\" height=\"80\"\/><\/figure><\/div>\n\n\n\n<p>\u00cdndice de respuesta de viajeros: El premio va la agencia que obtenga el porcentaje m\u00e1s elevado de respuestas a los presupuestos enviados. Sabemos que hoy en d\u00eda los viajeros pueden f\u00e1cilmente dirigirse a varias agencias a la vez sin mucho esfuerzo. As\u00ed que cuanto mayor sea la calidad y personalizaci\u00f3n de las propuestas, m\u00e1s probabilidad de que decidan seguir la conversaci\u00f3n para reservar tu viaje y no el de la competencia.&nbsp;La agencia Magnolia Travel Company ha conseguido establecer un primer contacto con el viajero de alta calidad, obteniendo que casi todos se interesaran por su propuesta y valoraran reservar sus viajes.<\/p>\n\n\n\n<ul class=\"wp-block-list\"><li><strong>MEJOR AGENCIA EN ATENCI\u00d3N<\/strong>: <a href=\"https:\/\/www.buscounviaje.com\/agencias\/cultura-y-viajes\">CULTURA Y VIAJES<\/a><\/li><\/ul>\n\n\n\n<div class=\"wp-block-image\"><figure class=\"alignright is-resized\"><img loading=\"lazy\" decoding=\"async\" src=\"https:\/\/www.buscounviaje.com\/blog\/wp-content\/uploads\/Budget-ATENCION-150x150.jpg\" alt=\"\" class=\"wp-image-11245\" width=\"80\" height=\"80\"\/><\/figure><\/div>\n\n\n\n<p>Calidad en la respuesta: Los viajeros pueden valorar la atenci\u00f3n recibida (tambi\u00e9n aquellos que no llegan a formalizar la reserva), por lo que es importante que \u00e9sta sea la mejor posible durante el asesoramiento y env\u00edo de propuesta. La reputaci\u00f3n de cada agencia es un factor relevante a la hora de decidir con quien reservar un viaje y la agencia Cultura y Viajes es la que ha hecho la mejor labor en convencer a los viajeros atribuirle una puntuaci\u00f3n positiva a lo largo de 2019.<\/p>\n\n\n\n<ul class=\"wp-block-list\"><li><strong>MEJOR AGENCIA EN VENTAS<\/strong>: <a href=\"https:\/\/www.buscounviaje.com\/agencias\/fly-for-vacations\">FLY FOR VACATIONS<\/a><\/li><\/ul>\n\n\n\n<div class=\"wp-block-image\"><figure class=\"alignright is-resized\"><img loading=\"lazy\" decoding=\"async\" src=\"https:\/\/www.buscounviaje.com\/blog\/wp-content\/uploads\/Budget-VENTAS-150x150.jpg\" alt=\"\" class=\"wp-image-11246\" width=\"80\" height=\"80\"\/><\/figure><\/div>\n\n\n\n<p>Conversi\u00f3n en venta: Para reconocer a una agencia top no s\u00f3lo es importante el volumen total de ventas sino tambi\u00e9n el porcentaje sobre las solicitudes atendidas, indicador de un rendimiento eficiente y eficaz, independientemente del tama\u00f1o de la agencia. Y, por supuesto, es necesario comunicar las ventas confirmadas en tiempo real para que sean contabilizadas y generen beneficios de visibilidad en la plataforma. La agencia que ha conseguido una mejor conversi\u00f3n de solicitud a venta en 2019 es Fly For vacations.<\/p>\n\n\n\n<ul class=\"wp-block-list\"><li><strong>AGENCIA M\u00c1S INNOVADORA<\/strong>: <a href=\"https:\/\/www.buscounviaje.com\/agencias\/wau-viajes\">WAU! VIAJES<\/a><\/li><\/ul>\n\n\n\n<div class=\"wp-block-image\"><figure class=\"alignright is-resized\"><img loading=\"lazy\" decoding=\"async\" src=\"https:\/\/www.buscounviaje.com\/blog\/wp-content\/uploads\/Budget-MAS-INNOVADORA-150x150.jpg\" alt=\"\" class=\"wp-image-11247\" width=\"80\" height=\"80\"\/><\/figure><\/div>\n\n\n\n<p>Contenido innovador: Cargar programas diferentes es una buena forma de ganar a la competencia y atraer usuarios. BuscoUnViaje.com ha decidido que la agencia que ha apostado por el programa m\u00e1s innovador de 2019 es Wau! Viajes con su propuesta &#8220;<a href=\"https:\/\/www.buscounviaje.com\/ficha\/tanzania-mucho-mas-que-un-safari-288483\">Tanzania, mucho m\u00e1s que un safari<\/a>&#8220;.<\/p>\n\n\n\n<div class=\"wp-block-button aligncenter is-style-squared\"><a class=\"wp-block-button__link has-background has-vivid-cyan-blue-background-color\" href=\"https:\/\/www.buscounviaje.com\/agencias\">Conoce todas las agencias<\/a><\/div>\n\n\n\n<h3 class=\"wp-block-heading\"><strong>\u00bfCu\u00e1les son los premios?<\/strong><\/h3>\n\n\n\n<p>Los premios ser\u00e1n todos de aplicaci\u00f3n durante la temporada 2020 y se asignar\u00e1n a las agencias ganadoras en cada una de las cinco categor\u00edas, buscando el m\u00e1s adecuado para cada una de las agencias. Estos consistir\u00e1n en:<\/p>\n\n\n\n<ul class=\"wp-block-list\"><li>Ayuda en la carga: BuscoUnViaje.com dar\u00e1 soporte a la agencia ganadora en la carga de hasta 10 programas de viaje nuevos.<\/li><li>Promoci\u00f3n publicitaria: Crearemos una campa\u00f1a de Google Ads de 50 euros exclusiva para las fichas de la agencia premiada.&nbsp;<\/li><li>Pack de promoci\u00f3n: Este nuevo servicio promocional, que podr\u00e1 contratarse de forma independiente en 2020 por un coste de 275 euros, consiste en una campa\u00f1a de Google Ads de 50 euros y una Newsletter dedicada \u00fanicamente a los programas de la agencia (6 programas como m\u00e1ximo) y se asignar\u00e1 de forma gratuita a una de las cinco mejores agencias.<\/li><li>Exclusividad en fichas: Durante 90 d\u00edas la ganadora contar\u00e1 con una de las ventajas de ser agencia Plus, consistente en que no se recomendar\u00e1n fichas similares de otras agencias en sus fichas de programa.&nbsp;<\/li><li>Plus al 50%: La cuota PLUS para 2020 estar\u00e1 a mitad de precio (285 Euros, en vez de 570), con todas sus ventajas, \u00fanicamente para la agencia premiada. \u00c9sta garantizar\u00e1 a la agencia exclusividad en \u2018viajes sugeridos\u2019 en sus fichas, zonas exclusivas de viajes destacados en resultados, \u2018home\u2019, etc. y prioridad en ordenaci\u00f3n de resultados y en viajes sugeridos, as\u00ed como testimonios p\u00fablicos en las propias fichas de viaje. En resumen, mucha m\u00e1s visibilidad en nuestra plataforma.<\/li><\/ul>\n\n\n\n<h3 class=\"wp-block-heading\">\u00bfQuieres ser una de las agencias TOP 2020?<\/h3>\n\n\n\n<p> \u00bfCrees que tu agencia es merecedora de uno de estos premios? En 2020 tendr\u00e1s otra oportunidad de repetirte o ganar por primera vez la insignia de una de las 5 categor\u00edas y demostrar que eres una de las <strong>mejores agencias de BuscoUnViaje.com<\/strong>.<\/p>\n\n\n\n<p>Y si a\u00fan no eres una de nuestras agencias colaboradoras, contacta con nosotros para conocer las condiciones, pide alta en nuestra plataforma y \u00a1a por la temporada 2020!<\/p>\n\n\n\n<div class=\"wp-block-button aligncenter is-style-squared\"><a class=\"wp-block-button__link has-background has-vivid-cyan-blue-background-color\" href=\"https:\/\/www.buscounviaje.com\/contacto\/nuevaAgencia\">Pide alta en BuscoUnViaje.com<\/a><\/div>\n","protected":false},"excerpt":{"rendered":"<p>El desarrollo de la tecnolog\u00eda en el sector del turismo y el nacimiento constante de nuevas plataformas y nuevas herramientas para organizar, reservar y vivir los viajes por un lado. La evoluci\u00f3n de los h\u00e1bitos de los viajeros y su mayor habilidad de obtener informaci\u00f3n y conocer el mundo por otro lado. El panorama es [&hellip;]<\/p>\n","protected":false},"author":13,"featured_media":0,"parent":0,"menu_order":0,"comment_status":"closed","ping_status":"closed","template":"","meta":{"om_disable_all_campaigns":false,"_monsterinsights_skip_tracking":false,"_monsterinsights_sitenote_active":false,"_monsterinsights_sitenote_note":"","_monsterinsights_sitenote_category":0,"footnotes":""},"class_list":["post-12125","page","type-page","status-publish"],"aioseo_notices":[],"_links":{"self":[{"href":"https:\/\/www.buscounviaje.com\/blog\/wp-json\/wp\/v2\/pages\/12125","targetHints":{"allow":["GET"]}}],"collection":[{"href":"https:\/\/www.buscounviaje.com\/blog\/wp-json\/wp\/v2\/pages"}],"about":[{"href":"https:\/\/www.buscounviaje.com\/blog\/wp-json\/wp\/v2\/types\/page"}],"author":[{"embeddable":true,"href":"https:\/\/www.buscounviaje.com\/blog\/wp-json\/wp\/v2\/users\/13"}],"replies":[{"embeddable":true,"href":"https:\/\/www.buscounviaje.com\/blog\/wp-json\/wp\/v2\/comments?post=12125"}],"version-history":[{"count":10,"href":"https:\/\/www.buscounviaje.com\/blog\/wp-json\/wp\/v2\/pages\/12125\/revisions"}],"predecessor-version":[{"id":12153,"href":"https:\/\/www.buscounviaje.com\/blog\/wp-json\/wp\/v2\/pages\/12125\/revisions\/12153"}],"wp:attachment":[{"href":"https:\/\/www.buscounviaje.com\/blog\/wp-json\/wp\/v2\/media?parent=12125"}],"curies":[{"name":"wp","href":"https:\/\/api.w.org\/{rel}","templated":true}]}}